{"id":93,"date":"2022-03-02T14:17:45","date_gmt":"2022-03-02T14:17:45","guid":{"rendered":"https:\/\/www.connectsolidarity.eu\/?page_id=93"},"modified":"2022-04-25T09:23:22","modified_gmt":"2022-04-25T08:23:22","slug":"i-am-in-hungary-%d1%8f-%d0%b2-%d1%83%d0%b3%d0%be%d1%80%d1%89%d0%b8%d0%bd%d1%96","status":"publish","type":"page","link":"https:\/\/www.connectsolidarity.eu\/uk\/i-am-in-hungary-%d1%8f-%d0%b2-%d1%83%d0%b3%d0%be%d1%80%d1%89%d0%b8%d0%bd%d1%96\/","title":{"rendered":"I am in Hungary &#8211; \u042f \u0432 \u0423\u0433\u043e\u0440\u0449\u0438\u043d\u0456"},"content":{"rendered":"<div style=\"height:37px\" aria-hidden=\"true\" class=\"wp-block-spacer\"><\/div>\n\n\n\n<h2 class=\"has-text-align-center has-neve-link-hover-color-color has-text-color wp-block-heading\">I am in Hungary &#8211; \u042f \u0432 \u0423\u0433\u043e\u0440\u0449\u0438\u043d\u0456<\/h2>\n\n\n\n<h3 class=\"has-nv-c-2-color has-nv-light-bg-background-color has-text-color has-background wp-block-heading\"><strong>\u0427\u0438 \u043f\u043e\u0442\u0440\u0456\u0431\u043d\u0438\u0439 \u043c\u0435\u043d\u0456 \u0434\u043e\u043a\u0443\u043c\u0435\u043d\u0442 \u0434\u043b\u044f \u0432'\u0457\u0437\u0434\u0443 \u0432 \u043a\u0440\u0430\u0457\u043d\u0443?<\/strong><\/h3>\n\n\n\n<p class=\" translation-block\">\u0423\u043a\u0440\u0430\u0457\u043d\u0446\u0456 \u043c\u043e\u0436\u0443\u0442\u044c \u0432\u2019\u0457\u0445\u0430\u0442\u0438 \u0432 \u0423\u0433\u043e\u0440\u0449\u0438\u043d\u0443 \u0431\u0435\u0437 \u0431\u0443\u0434\u044c-\u044f\u043a\u0438\u0445 \u043f\u0440\u043e\u0457\u0437\u043d\u0438\u0445 \u0434\u043e\u043a\u0443\u043c\u0435\u043d\u0442\u0456\u0432 (\u043d\u0430\u043f\u0440\u0438\u043a\u043b\u0430\u0434, \u043f\u0430\u0441\u043f\u043e\u0440\u0442\u0456\u0432). \u0407\u043c \u043d\u0435 \u043f\u043e\u0442\u0440\u0456\u0431\u043d\u043e \u0440\u0435\u0454\u0441\u0442\u0440\u0443\u0432\u0430\u0442\u0438\u0441\u044f \u044f\u043a \u0448\u0443\u043a\u0430\u0447\u0456 \u043f\u0440\u0438\u0442\u0443\u043b\u043a\u0443 \u043f\u0456\u0441\u043b\u044f \u043f\u0440\u0438\u0431\u0443\u0442\u0442\u044f, \u0449\u043e\u0431 \u0441\u043a\u043e\u0440\u0438\u0441\u0442\u0430\u0442\u0438\u0441\u044f \u0441\u0442\u0430\u0442\u0443\u0441\u043e\u043c \u0431\u0456\u0436\u0435\u043d\u0446\u044f, \u0430\u043b\u0435 \u0434\u0435\u044f\u043a\u0456 \u0432\u0438\u0440\u0456\u0448\u0443\u044e\u0442\u044c \u0446\u0435 \u0437\u0440\u043e\u0431\u0438\u0442\u0438.<\/p>\n\n\n\n<h3 class=\"has-nv-c-2-color has-nv-light-bg-background-color has-text-color has-background wp-block-heading\"><strong><strong><strong>\u042f\u043a\u0443 \u043f\u0456\u0434\u0442\u0440\u0438\u043c\u043a\u0443 \u044f \u043c\u043e\u0436\u0443 \u043e\u0442\u0440\u0438\u043c\u0430\u0442\u0438 \u043f\u0440\u0438 \u0432'\u0457\u0437\u0434\u0456 \u0434\u043e \u043a\u0440\u0430\u0457\u043d\u0438?<\/strong><\/strong><\/strong><\/h3>\n\n\n\n<p>\u0425\u0430\u0440\u0447\u0443\u0432\u0430\u043d\u043d\u044f, \u043f\u0440\u043e\u0436\u0438\u0432\u0430\u043d\u043d\u044f \u0442\u0430 \u043c\u0435\u0434\u0438\u0447\u043d\u0430 \u0434\u043e\u043f\u043e\u043c\u043e\u0433\u0430 \u043d\u0430\u0434\u0430\u0454\u0442\u044c\u0441\u044f \u0431\u0435\u0437\u043a\u043e\u0448\u0442\u043e\u0432\u043d\u043e.<\/p>\n\n\n\n<h3 class=\"has-nv-c-2-color has-nv-light-bg-background-color has-text-color has-background wp-block-heading\"><strong><strong><strong><strong><strong><strong>\u042f\u043a\u0443 \u043f\u0456\u0434\u0442\u0440\u0438\u043c\u043a\u0443 \u044f \u043c\u043e\u0436\u0443 \u043e\u0442\u0440\u0438\u043c\u0430\u0442\u0438, \u044f\u043a\u0449\u043e \u044f \u043b\u044e\u0434\u0438\u043d\u0430 \u0437 \u0446\u0443\u043a\u0440\u043e\u0432\u0438\u043c \u0434\u0456\u0430\u0431\u0435\u0442\u043e\u043c?<\/strong>&nbsp;<\/strong><\/strong><\/strong><\/strong><\/strong><\/h3>\n\n\n\n<p>\u041c\u0435\u0434\u0438\u0447\u043d\u0456 \u0431\u0440\u0438\u0433\u0430\u0434\u0438 \u043f\u0440\u0430\u0446\u044e\u044e\u0442\u044c \u043f\u043e\u0431\u043b\u0438\u0437\u0443 \u043a\u043e\u0440\u0434\u043e\u043d\u0443 \u0437 \u0423\u043a\u0440\u0430\u0457\u043d\u043e\u044e, \u0449\u043e\u0431 \u0442\u0435\u0441\u0442\u0443\u0432\u0430\u0442\u0438 \u043b\u044e\u0434\u0435\u0439 \u043d\u0430 COVID-19 \u0442\u0430 \u0437\u0430\u043f\u0438\u0442\u0443\u0432\u0430\u0442\u0438 \u043f\u0440\u043e \u043c\u0435\u0434\u0438\u0447\u043d\u0456 \u043f\u043e\u0442\u0440\u0435\u0431\u0438, \u0437\u043e\u043a\u0440\u0435\u043c\u0430, \u0447\u0438 \u0445\u0432\u043e\u0440\u0456\u0454\u0442\u0435 \u0432\u0438 \u043d\u0430 \u0446\u0443\u043a\u0440\u043e\u0432\u0438\u0439 \u0434\u0456\u0430\u0431\u0435\u0442 \u0442\u0430 \u0447\u0438 \u043f\u043e\u0442\u0440\u0456\u0431\u043d\u043e \u043e\u0442\u0440\u0438\u043c\u0443\u0432\u0430\u0442\u0438 \u0456\u043d\u0441\u0443\u043b\u0456\u043d. &nbsp;<\/p>\n\n\n\n<p class=\" translation-block\">\u0420\u0435\u0446\u0435\u043f\u0442\u0438 \u043d\u0430 \u0456\u043d\u0441\u0443\u043b\u0456\u043d \u0442\u0430 \u0456\u043d\u0448\u0456 \u043b\u0456\u043a\u0438 \u0432\u0456\u0434 \u0434\u0456\u0430\u0431\u0435\u0442\u0443 \u043d\u0435 \u043f\u043e\u0442\u0440\u0456\u0431\u043d\u0456. \u042f\u043a\u0449\u043e \u0432\u0430\u043c \u043f\u043e\u0442\u0440\u0456\u0431\u043d\u0430 \u0441\u043f\u0435\u0446\u0456\u0430\u043b\u044c\u043d\u0430 \u043c\u0435\u0434\u0438\u0447\u043d\u0430 \u0434\u043e\u043f\u043e\u043c\u043e\u0433\u0430, \u0432\u0438 \u043c\u043e\u0436\u0435\u0442\u0435 \u043f\u0440\u043e\u0439\u0442\u0438 \u043b\u0456\u043a\u0443\u0432\u0430\u043d\u043d\u044f \u0432 \u00abSzabolcs-Szatmar Bereg Megyei Korh\u00e1zak \u00e9s Egyetemi Oktat\u00f3k\u00f3rh\u00e1z \u2013 Josa Andras Teaching Hospital\u00bb, \u0434\u0435 \u0432\u0438 \u0437\u043d\u0430\u0439\u0434\u0435\u0442\u0435 \u043c\u0435\u0434\u0438\u0447\u043d\u0438\u0445 \u043f\u0440\u0430\u0446\u0456\u0432\u043d\u0438\u043a\u0456\u0432, \u044f\u043a\u0456 \u0432\u043e\u043b\u043e\u0434\u0456\u044e\u0442\u044c \u0443\u043a\u0440\u0430\u0457\u043d\u0441\u044c\u043a\u043e\u044e \u0442\u0430 \u0440\u043e\u0441\u0456\u0439\u0441\u044c\u043a\u043e\u044e \u043c\u043e\u0432\u0430\u043c\u0438. \u0420\u0430\u0437\u043e\u043c \u0437 \u041c\u0435\u0434\u0438\u0447\u043d\u0438\u043c \u0443\u043d\u0456\u0432\u0435\u0440\u0441\u0438\u0442\u0435\u0442\u043e\u043c \u0414\u0435\u0431\u0440\u0435\u0446\u0435\u043d\u0430 \u0446\u0435 \u043d\u0430\u0439\u0431\u043b\u0438\u0436\u0447\u0456 \u043c\u0435\u0434\u0438\u0447\u043d\u0456 \u0437\u0430\u043a\u043b\u0430\u0434\u0438 \u0434\u043e \u043a\u043e\u0440\u0434\u043e\u043d\u0443. \u0423 \u0440\u0430\u0437\u0456 \u043f\u043e\u0442\u0440\u0435\u0431\u0438 \u0432\u0438 \u0442\u0430\u043a\u043e\u0436 \u043c\u043e\u0436\u0435\u0442\u0435 \u0437\u0432\u0435\u0440\u043d\u0443\u0442\u0438\u0441\u044f \u0437\u0430 \u043c\u0435\u0434\u0438\u0447\u043d\u043e\u044e \u0434\u043e\u043f\u043e\u043c\u043e\u0433\u043e\u044e \u0432 \u0456\u043d\u0448\u0456 \u043c\u0435\u0434\u0438\u0447\u043d\u0456 \u0437\u0430\u043a\u043b\u0430\u0434\u0438 \u043f\u043e \u0432\u0441\u0456\u0439 \u043a\u0440\u0430\u0457\u043d\u0456.<\/p>\n\n\n\n<h3 class=\"has-nv-c-2-color has-nv-light-bg-background-color has-text-color has-background wp-block-heading\"><strong><strong><strong><strong><strong><strong>\u041a\u043e\u0440\u0438\u0441\u043d\u0456 \u043f\u043e\u0441\u0438\u043b\u0430\u043d\u043d\u044f<\/strong><\/strong><\/strong><\/strong><\/strong><\/strong><\/h3>\n\n\n\n<p><strong>\u0406\u043d\u0444\u043e\u0440\u043c\u0430\u0446\u0456\u044f \u0434\u043b\u044f \u0433\u0440\u043e\u043c\u0430\u0434\u044f\u043d \u0423\u043a\u0440\u0430\u0457\u043d\u0438<\/strong><br><a href=\"http:\/\/www.bmbah.hu\/index.php?option=com_k2&amp;view=item&amp;id=1735:national-directorate-general-for-aliens-policing-information-for-people-fleeing-ukraine&amp;Itemid=2108&amp;lang=en\">National Directorate-General for Aliens Policing<\/a><\/p>\n\n\n\n<p class=\" translation-block\"><strong>\u0422\u0430\u0431\u043b\u0438\u0446\u0456 \u041c\u0456\u0436\u043d\u0430\u0440\u043e\u0434\u043d\u043e\u0457 \u0444\u0430\u0440\u043c\u0430\u0446\u0435\u0432\u0442\u0438\u0447\u043d\u043e\u0457 \u0444\u0435\u0434\u0435\u0440\u0430\u0446\u0456\u0457 (FIP) \u0435\u043a\u0432\u0456\u0432\u0430\u043b\u0435\u043d\u0442\u043d\u043e\u0441\u0442\u0456 \u043c\u0456\u0436 \u043b\u0456\u043a\u0430\u0440\u0441\u044c\u043a\u0438\u043c\u0438 \u0437\u0430\u0441\u043e\u0431\u0430\u043c\u0438, \u0437\u0430\u0440\u0435\u0454\u0441\u0442\u0440\u043e\u0432\u0430\u043d\u0438\u043c\u0438 \u0432 \u0423\u043a\u0440\u0430\u0457\u043d\u0456, \u0442\u0430 \u043d\u0430\u044f\u0432\u043d\u0438\u043c\u0438 \u0432 \u0456\u043d\u0448\u0438\u0445 \u043a\u0440\u0430\u0457\u043d\u0430\u0445<\/strong><br><a href=\"https:\/\/www.fip.org\/news?news=newsitem&amp;newsitem=435\" target=\"_self\">https:\/\/www.fip.org\/news?news=newsitem&amp;newsitem=435<\/a><\/p>\n\n\n\n<p><strong>\u0406\u043d\u0444\u043e\u0440\u043c\u0430\u0446\u0456\u044f \u0434\u043b\u044f \u043b\u044e\u0434\u0435\u0439, \u044f\u043a\u0456 \u0442\u0456\u043a\u0430\u044e\u0442\u044c \u0432\u0456\u0434 \u0432\u0456\u0439\u043d\u0438 \u0432 \u0423\u043a\u0440\u0430\u0457\u043d\u0456 \u0442\u0430 \u0432'\u0457\u0436\u0434\u0436\u0430\u044e\u0442\u044c \u0434\u043e \u0404\u0421<\/strong><br><a href=\"https:\/\/ec.europa.eu\/info\/strategy\/priorities-2019-2024\/stronger-europe-world\/eu-solidarity-ukraine\/eu-assistance-ukraine\/information-people-fleeing-war-ukraine_en#preparing-to-leave\">https:\/\/ec.europa.eu\/info\/strategy\/priorities-2019-2024\/stronger-europe-world\/eu-solidarity-ukraine\/eu-assistance-ukraine\/information-people-fleeing-war-ukraine_en#preparing-to-leave<\/a><\/p>\n\n\n\n<p><strong>\u0406\u043d\u0444\u043e\u0440\u043c\u0430\u0446\u0456\u044f \u043f\u0440\u043e \u0431\u0435\u0437\u043a\u043e\u0448\u0442\u043e\u0432\u043d\u0456 \u0432\u0430\u0440\u0456\u0430\u043d\u0442\u0438 \u043f\u043e\u0434\u043e\u0440\u043e\u0436\u0435\u0439, \u044f\u043a\u0456 \u043f\u0440\u043e\u043f\u043e\u043d\u0443\u044e\u0442\u044c \u0454\u0432\u0440\u043e\u043f\u0435\u0439\u0441\u044c\u043a\u0456 \u0442\u0440\u0430\u043d\u0441\u043f\u043e\u0440\u0442\u043d\u0456 \u043a\u043e\u043c\u043f\u0430\u043d\u0456\u0457<\/strong><br><a href=\"https:\/\/ec.europa.eu\/info\/strategy\/priorities-2019-2024\/stronger-europe-world\/eu-solidarity-ukraine\/eu-assistance-ukraine\/information-people-fleeing-war-ukraine#information-on-free-travel-options-offered-by-european-transport-companies\">https:\/\/ec.europa.eu\/info\/strategy\/priorities-2019-2024\/stronger-europe-world\/eu-solidarity-ukraine\/eu-assistance-ukraine\/information-people-fleeing-war-ukraine<\/a><\/p>\n\n\n\n<p>&#8220;<strong><em>Szabolcs-Szatmar Bereg Megyei Korh\u00e1zak \u00e9s Egyetemi Oktat\u00f3k\u00f3rh\u00e1z &#8211; Josa Andras Teaching Hospital<\/em><\/strong>\u201d<br>4400 Nyiregyhaza<br>Szent Istvan u 68<br>Hungary<br><a rel=\"noreferrer noopener\" href=\"http:\/\/www.szszbmk.hu\/\" target=\"_blank\">www.szszbmk.hu<\/a>&nbsp;<br><\/p>\n\n\n\n<div class=\"wp-block-media-text is-stacked-on-mobile is-vertically-aligned-center\" style=\"grid-template-columns:17% auto\"><figure class=\"wp-block-media-text__media\"><img loading=\"lazy\" decoding=\"async\" width=\"276\" height=\"278\" src=\"https:\/\/www.connectsolidarity.eu\/wp-content\/uploads\/2022\/03\/mdt-logo.png\" alt=\"\" class=\"wp-image-268 size-full\" srcset=\"https:\/\/www.connectsolidarity.eu\/wp-content\/uploads\/2022\/03\/mdt-logo.png 276w, https:\/\/www.connectsolidarity.eu\/wp-content\/uploads\/2022\/03\/mdt-logo-150x150.png 150w, https:\/\/www.connectsolidarity.eu\/wp-content\/uploads\/2022\/03\/mdt-logo-12x12.png 12w\" sizes=\"auto, (max-width: 276px) 100vw, 276px\" \/><\/figure><div class=\"wp-block-media-text__content\">\n<p style=\"font-size:18px\"><strong>\u0412\u0430\u0436\u043b\u0438\u0432\u0443 \u043c\u0435\u0434\u0438\u0447\u043d\u0443 \u0456\u043d\u0444\u043e\u0440\u043c\u0430\u0446\u0456\u044e \u043c\u043e\u0436\u043d\u0430 \u0437\u043d\u0430\u0439\u0442\u0438 \u043d\u0430 \u0432\u0435\u0431-\u0441\u0430\u0439\u0442\u0456 \u0423\u0433\u043e\u0440\u0441\u044c\u043a\u043e\u0457 \u0434\u0456\u0430\u0431\u0435\u0442\u0438\u0447\u043d\u043e\u0457 \u0430\u0441\u043e\u0446\u0456\u0430\u0446\u0456\u0457<\/strong><br><a href=\"http:\/\/www.diabet.hu\/upload\/diabetes\/intro\/index.html\">www.diabet.hu<\/a> <\/p>\n<\/div><\/div>\n\n\n\n<div style=\"height:37px\" aria-hidden=\"true\" class=\"wp-block-spacer\"><\/div>","protected":false},"excerpt":{"rendered":"<p>I am in Hungary &#8211; \u042f \u0432 \u0423\u0433\u043e\u0440\u0449\u0438\u043d\u0456 Do I need any document to enter the country? Ukrainians can enter Hungary without any travel documents (e.g., passports). They do not need to register as asylum seekers on arrival to take advantage of refugee status, but some choose to do so. &nbsp; What support can I&hellip;&nbsp;<a href=\"https:\/\/www.connectsolidarity.eu\/uk\/i-am-in-hungary-%d1%8f-%d0%b2-%d1%83%d0%b3%d0%be%d1%80%d1%89%d0%b8%d0%bd%d1%96\/\" class=\"\" rel=\"bookmark\">\u0427\u0438\u0442\u0430\u0442\u0438 \u0434\u0430\u043b\u0456 &raquo;<span class=\"screen-reader-text\">I am in Hungary &#8211; \u042f \u0432 \u0423\u0433\u043e\u0440\u0449\u0438\u043d\u0456<\/span><\/a><\/p>","protected":false},"author":2,"featured_media":0,"parent":0,"menu_order":0,"comment_status":"closed","ping_status":"closed","template":"","meta":{"neve_meta_sidebar":"","neve_meta_container":"","neve_meta_enable_content_width":"","neve_meta_content_width":0,"neve_meta_title_alignment":"","neve_meta_author_avatar":"","neve_post_elements_order":"","neve_meta_disable_header":"","neve_meta_disable_footer":"","neve_meta_disable_title":"on","footnotes":""},"class_list":["post-93","page","type-page","status-publish","hentry"],"_links":{"self":[{"href":"https:\/\/www.connectsolidarity.eu\/uk\/wp-json\/wp\/v2\/pages\/93","targetHints":{"allow":["GET"]}}],"collection":[{"href":"https:\/\/www.connectsolidarity.eu\/uk\/wp-json\/wp\/v2\/pages"}],"about":[{"href":"https:\/\/www.connectsolidarity.eu\/uk\/wp-json\/wp\/v2\/types\/page"}],"author":[{"embeddable":true,"href":"https:\/\/www.connectsolidarity.eu\/uk\/wp-json\/wp\/v2\/users\/2"}],"replies":[{"embeddable":true,"href":"https:\/\/www.connectsolidarity.eu\/uk\/wp-json\/wp\/v2\/comments?post=93"}],"version-history":[{"count":8,"href":"https:\/\/www.connectsolidarity.eu\/uk\/wp-json\/wp\/v2\/pages\/93\/revisions"}],"predecessor-version":[{"id":613,"href":"https:\/\/www.connectsolidarity.eu\/uk\/wp-json\/wp\/v2\/pages\/93\/revisions\/613"}],"wp:attachment":[{"href":"https:\/\/www.connectsolidarity.eu\/uk\/wp-json\/wp\/v2\/media?parent=93"}],"curies":[{"name":"wp","href":"https:\/\/api.w.org\/{rel}","templated":true}]}}